{"id":2,"date":"2024-02-20T01:06:11","date_gmt":"2024-02-20T01:06:11","guid":{"rendered":"https:\/\/www.gaap.deqm.puc-rio.br\/?page_id=2"},"modified":"2026-03-11T18:00:22","modified_gmt":"2026-03-11T21:00:22","slug":"sample-page","status":"publish","type":"page","link":"https:\/\/www.gaap.deqm.puc-rio.br\/en\/","title":{"rendered":"Principal"},"content":{"rendered":"<h2>QUEM SOMOS?<\/h2>\n<p><b>O Grupo de Aplica\u00e7\u00f5es Avan\u00e7adas em Processos (GAAP)<\/b> \u00e9 coordenado pela Profa. Dra. Amanda Lemette Teixeira Brand\u00e3o e est\u00e1 vinculado ao Departamento de Engenharia Qu\u00edmica e de Materiais (DEQM) da Pontif\u00edcia Universidade Cat\u00f3lica do Rio de Janeiro (PUC-Rio). <\/p>\n<p>Founded in 2023, GAAP obtained certification in the Directory of Research Groups in Brazil (DGP\/CNPq), consolidating its performance in academic research of excellence. <\/p>\n<p>In 2025, the group was accredited by the National Agency of Petroleum, Natural Gas and Biofuels (ANP), becoming qualified to carry out Research, Development and Innovation (RD&amp;I) activities with resources from the RD&amp;I Investment Clause, expanding its capacity for cooperation with the industry and development agencies.<\/p>","protected":false},"excerpt":{"rendered":"<p>QUEM SOMOS? O Grupo de Aplica\u00e7\u00f5es Avan\u00e7adas em Processos (GAAP) \u00e9 coordenado pela Profa. Dra. Amanda Lemette Teixeira Brand\u00e3o e est\u00e1 vinculado ao Departamento de Engenharia Qu\u00edmica e de Materiais (DEQM) da Pontif\u00edcia Universidade Cat\u00f3lica do Rio de Janeiro (PUC-Rio). Fundado em 2023, o GAAP obteve certifica\u00e7\u00e3o no Diret\u00f3rio dos Grupos de Pesquisa no Brasil [&hellip;]<\/p>\n","protected":false},"author":1,"featured_media":0,"parent":0,"menu_order":0,"comment_status":"closed","ping_status":"open","template":"","meta":{"footnotes":""},"class_list":["post-2","page","type-page","status-publish","hentry"],"_links":{"self":[{"href":"https:\/\/www.gaap.deqm.puc-rio.br\/en\/wp-json\/wp\/v2\/pages\/2","targetHints":{"allow":["GET"]}}],"collection":[{"href":"https:\/\/www.gaap.deqm.puc-rio.br\/en\/wp-json\/wp\/v2\/pages"}],"about":[{"href":"https:\/\/www.gaap.deqm.puc-rio.br\/en\/wp-json\/wp\/v2\/types\/page"}],"author":[{"embeddable":true,"href":"https:\/\/www.gaap.deqm.puc-rio.br\/en\/wp-json\/wp\/v2\/users\/1"}],"replies":[{"embeddable":true,"href":"https:\/\/www.gaap.deqm.puc-rio.br\/en\/wp-json\/wp\/v2\/comments?post=2"}],"version-history":[{"count":7,"href":"https:\/\/www.gaap.deqm.puc-rio.br\/en\/wp-json\/wp\/v2\/pages\/2\/revisions"}],"predecessor-version":[{"id":194,"href":"https:\/\/www.gaap.deqm.puc-rio.br\/en\/wp-json\/wp\/v2\/pages\/2\/revisions\/194"}],"wp:attachment":[{"href":"https:\/\/www.gaap.deqm.puc-rio.br\/en\/wp-json\/wp\/v2\/media?parent=2"}],"curies":[{"name":"wp","href":"https:\/\/api.w.org\/{rel}","templated":true}]}}